{"id":1419,"date":"2023-11-29T12:36:32","date_gmt":"2023-11-29T11:36:32","guid":{"rendered":"https:\/\/archestudio.es\/privacy-policy\/"},"modified":"2023-12-27T12:49:51","modified_gmt":"2023-12-27T12:49:51","slug":"privacy-policy","status":"publish","type":"page","link":"https:\/\/archestudio.es\/en\/privacy-policy\/","title":{"rendered":"Privacy policy"},"content":{"rendered":"\t\t<div data-elementor-type=\"wp-page\" data-elementor-id=\"1419\" class=\"elementor elementor-1419 elementor-3\" data-elementor-post-type=\"page\">\n\t\t\t\t<div class=\"elementor-element elementor-element-8fcc039 e-flex e-con-boxed e-con e-parent\" data-id=\"8fcc039\" data-element_type=\"container\" data-e-type=\"container\" data-settings=\"{&quot;background_background&quot;:&quot;classic&quot;}\">\n\t\t\t\t\t<div class=\"e-con-inner\">\n\t\t\t\t<div class=\"elementor-element elementor-element-717a868 elementor-widget elementor-widget-text-editor\" data-id=\"717a868\" data-element_type=\"widget\" data-e-type=\"widget\" data-widget_type=\"text-editor.default\">\n\t\t\t\t<div class=\"elementor-widget-container\">\n\t\t\t\t\t\t\t\t\t<strong>1.- Derecho de la informaci\u00f3n<\/strong>\n\nLe informamos que este Sitio Web <a href=\"https:\/\/archestudio.es\">https:\/\/archestudio.es<\/a> (en adelante, el \u201c<strong>Sitio Web<\/strong>\u201d) es titularidad de Fidel Octavio Gui\u00e9rrez P\u00e9rez (en adelante, \u201c<strong>archestudio<\/strong>\u201d), con <strong>N.I.F. 50639629T<\/strong> y domicilio social en Calle Mancebo, n\u00ba 14, 3\u00ba Izda, 28005, Madrid.\n\nEl acceso y\/o uso del Sitio Web le atribuye la condici\u00f3n de usuario, y acepta, desde dicho acceso y\/o uso, el presente Aviso Legal.\n\nEl usuario (en adelante, el \u201c<strong>Usuario<\/strong>\u201d) puede ponerse en contacto con <strong>archestudio<\/strong> a trav\u00e9s de la siguiente direcci\u00f3n de correo electr\u00f3nico: <a href=\"mailto:fidelgutier@gmail.com\">fidelgutier@gmail.com<\/a>, o trav\u00e9s del n\u00famero de tel\u00e9fono: +34 649 211 751.\n\n<strong>2.- Uso del Sitio Web<\/strong>\n\nEl Usuario asume la responsabilidad del uso del Sitio Web. El Sitio Web puede proporcionar acceso a multitud de textos, gr\u00e1ficos, dibujos, dise\u00f1os, fotograf\u00edas, contenidos multimedia, e informaciones (en adelante, \u00ab<strong>Contenidos<\/strong>\u00ab) pertenecientes a <strong>archestudio<\/strong> o a terceros a los que el Usuario puede tener acceso.\n\nEl Usuario se compromete a hacer un uso adecuado de los Contenidos y servicios ofrecidos a trav\u00e9s del Sitio Web y con car\u00e1cter enunciativo, pero no limitativo, a no emplearlos para:\n<ul>\n \t<li>Incurrir en actividades il\u00edcitas, ilegales o contrarias a la buena fe y al orden p\u00fablico.<\/li>\n \t<li>Provocar da\u00f1os en los sistemas f\u00edsicos y l\u00f3gicos del Sitio Web de <strong>archestudio<\/strong>, de sus proveedores o de terceras personas.<\/li>\n \t<li>Introducir o difundir en la red virus inform\u00e1ticos o cualesquiera otros sistemas f\u00edsicos o l\u00f3gicos que sean susceptibles de provocar los da\u00f1os anteriormente mencionados.<\/li>\n \t<li>Intentar acceder, utilizar y\/o manipular los datos de <strong>archestudio<\/strong>, terceros proveedores y otros usuarios.<\/li>\n \t<li>Reproducir o copiar, distribuir, permitir el acceso del p\u00fablico a trav\u00e9s de cualquier modalidad de comunicaci\u00f3n p\u00fablica, transformar o modificar los Contenidos, a menos que se cuente con la autorizaci\u00f3n de <strong>archestudio<\/strong>.<\/li>\n \t<li>Suprimir, ocultar o manipular los Contenidos sujetos a derechos de propiedad intelectual o industrial y dem\u00e1s datos identificativos de dichos derechos de <strong>archestudio<\/strong> o de terceros incorporados a los Contenidos, as\u00ed como los dispositivos t\u00e9cnicos de protecci\u00f3n o cualesquiera mecanismos de informaci\u00f3n que puedan insertarse en los Contenidos.<\/li>\n<\/ul>\n<strong>Archestudio<\/strong> advierte que los materiales contenidos en este Sitio Web son informativos y pueden no reflejar el estado legislativo o jurisprudencial m\u00e1s reciente.\n\n<strong>Archestudio<\/strong> tendr\u00e1 derecho a investigar y denunciar cualquier conducta mencionada de acuerdo con la Ley, as\u00ed como a colaborar con las autoridades en la investigaci\u00f3n de dichas actuaciones.\n\n<strong>Archestudio<\/strong> podr\u00e1 suspender temporalmente y sin previo aviso la accesibilidad al Sitio Web con motivo de operaciones de mantenimiento, reparaci\u00f3n, actualizaci\u00f3n o mejora. No obstante, siempre que las circunstancias lo permitan, <strong>archestudio<\/strong> comunicar\u00e1 al Usuario, con antelaci\u00f3n suficiente, la fecha prevista para la suspensi\u00f3n de los servicios. <strong>Archestudio<\/strong> no se responsabiliza del uso que los Usuarios puedan hacer de los Contenidos incluidos en el Sitio Web.\n\n<strong>3.- Propiedad Intelectual e Industrial<\/strong>\n\nTodos los derechos de propiedad intelectual sobre el contenido y el dise\u00f1o gr\u00e1fico de este Sitio Web son propiedad exclusiva de <strong>archestudio<\/strong> o de terceros autorizados. <strong>Archestudio<\/strong> tiene el derecho exclusivo de explotaci\u00f3n de dichos contenidos y dise\u00f1o gr\u00e1fico.\n\nPor ello, queda prohibida la reproducci\u00f3n, transmisi\u00f3n, adaptaci\u00f3n, traducci\u00f3n, distribuci\u00f3n o comunicaci\u00f3n p\u00fablica, incluida la puesta a disposici\u00f3n o cualquier otra forma de explotaci\u00f3n comercial y\/o modificaci\u00f3n de todo o parte del contenido del Sitio Web, salvo autorizaci\u00f3n previa y expresa de <strong>archestudio<\/strong>.\n\n<strong>Archestudio<\/strong> no concede ninguna licencia o autorizaci\u00f3n para utilizar sus derechos de propiedad intelectual e industrial o cualquier otra propiedad o derecho relacionado con el Sitio Web y\/o los servicios o contenidos de la misma.\n\nEl Usuario se compromete a respetar los derechos de Propiedad Intelectual e Industrial titularidad de <strong>archestudio<\/strong>. Se permite, en este sentido, la reproducci\u00f3n y almacenamiento temporal de los contenidos del Sitio Web en tanto ello sea estrictamente necesario para el uso y visualizaci\u00f3n del Sitio Web desde un ordenador\/Tablet o tel\u00e9fono personal.\n\nLa legitimidad de los derechos de propiedad intelectual o industrial sobre los contenidos aportados por los Usuarios es de la exclusiva responsabilidad de los mismos.\n\nPara realizar observaciones respecto a posibles incumplimientos de los derechos de propiedad intelectual o industrial, as\u00ed como sobre cualquier contenido del sitio web, puede hacerlo a trav\u00e9s del correo electr\u00f3nico <a href=\"mailto:fidelgutier@gmail.com\">fidelgutier@gmail.com<\/a>.\n\n<strong>4.- Protecci\u00f3n de datos<\/strong>\n\nEl uso de este Sitio Web puede requerir que los Usuarios proporcionen datos personales. <strong>Archestudio<\/strong>\u00a0trata esta informaci\u00f3n de acuerdo con la legislaci\u00f3n aplicable, y la recoge en su Pol\u00edtica de Privacidad.\n\n<strong>5.- Responsabilidad y Garant\u00edas<\/strong>\n\n<strong>Archestudio<\/strong> declara que ha adoptado todas las medidas necesarias para permitir el correcto funcionamiento y la ausencia de virus en su Sitio Web. No obstante, <strong>Archestudio<\/strong>\u00a0no puede ser considerada responsable por:\n<ul>\n \t<li>la falta de continuidad y disponibilidad de los Contenidos y Servicios;<\/li>\n \t<li>la presencia de errores en dicho Contenido o la falta de correcci\u00f3n de los defectos que pudieran existir\n\t\t\t\t\t\t\t\t<\/div>\n\t\t\t\t<\/div>\n\t\t\t\t\t<\/div>\n\t\t\t\t<\/div>\n\t\t\t\t<\/div>\n\t\t","protected":false},"excerpt":{"rendered":"<p>1.- Derecho de la informaci\u00f3n Le informamos que este Sitio Web https:\/\/archestudio.es (en adelante, el \u201cSitio Web\u201d) es titularidad de Fidel Octavio Gui\u00e9rrez P\u00e9rez (en adelante, \u201carchestudio\u201d), con N.I.F. 50639629T y domicilio social en Calle Mancebo, n\u00ba 14, 3\u00ba Izda, 28005, Madrid. El acceso y\/o uso del Sitio Web le atribuye la condici\u00f3n de usuario, [&hellip;]<\/p>\n","protected":false},"author":1,"featured_media":1379,"parent":0,"menu_order":0,"comment_status":"closed","ping_status":"closed","template":"","meta":{"content-type":"","footnotes":""},"class_list":["post-1419","page","type-page","status-publish","has-post-thumbnail","hentry"],"yoast_head":"<!-- This site is optimized with the Yoast SEO plugin v27.4 - https:\/\/yoast.com\/product\/yoast-seo-wordpress\/ -->\n<title>Privacy policy - REFORMAS-INTERIORISMO<\/title>\n<meta name=\"description\" content=\"Privacy policy\" \/>\n<meta name=\"robots\" content=\"index, follow, max-snippet:-1, max-image-preview:large, max-video-preview:-1\" \/>\n<link rel=\"canonical\" href=\"https:\/\/archestudio.es\/en\/privacy-policy\/\" \/>\n<meta property=\"og:locale\" content=\"en_US\" \/>\n<meta property=\"og:type\" content=\"article\" \/>\n<meta property=\"og:title\" content=\"Privacy policy - REFORMAS-INTERIORISMO\" \/>\n<meta property=\"og:description\" content=\"Privacy policy\" \/>\n<meta property=\"og:url\" content=\"https:\/\/archestudio.es\/en\/privacy-policy\/\" \/>\n<meta property=\"og:site_name\" content=\"REFORMAS-INTERIORISMO\" \/>\n<meta property=\"article:modified_time\" content=\"2023-12-27T12:49:51+00:00\" \/>\n<meta property=\"og:image\" content=\"https:\/\/archestudio.es\/wp-content\/uploads\/2023\/11\/ArchEstudio-rgb.jpg\" \/>\n\t<meta property=\"og:image:width\" content=\"2000\" \/>\n\t<meta property=\"og:image:height\" content=\"2000\" \/>\n\t<meta property=\"og:image:type\" content=\"image\/jpeg\" \/>\n<meta name=\"twitter:card\" content=\"summary_large_image\" \/>\n<meta name=\"twitter:label1\" content=\"Est. reading time\" \/>\n\t<meta name=\"twitter:data1\" content=\"4 minutes\" \/>\n<script type=\"application\/ld+json\" class=\"yoast-schema-graph\">{\"@context\":\"https:\\\/\\\/schema.org\",\"@graph\":[{\"@type\":\"WebPage\",\"@id\":\"https:\\\/\\\/archestudio.es\\\/en\\\/privacy-policy\\\/\",\"url\":\"https:\\\/\\\/archestudio.es\\\/en\\\/privacy-policy\\\/\",\"name\":\"Privacy policy - REFORMAS-INTERIORISMO\",\"isPartOf\":{\"@id\":\"https:\\\/\\\/archestudio.es\\\/en\\\/#website\"},\"primaryImageOfPage\":{\"@id\":\"https:\\\/\\\/archestudio.es\\\/en\\\/privacy-policy\\\/#primaryimage\"},\"image\":{\"@id\":\"https:\\\/\\\/archestudio.es\\\/en\\\/privacy-policy\\\/#primaryimage\"},\"thumbnailUrl\":\"https:\\\/\\\/archestudio.es\\\/wp-content\\\/uploads\\\/2023\\\/11\\\/ArchEstudio-rgb.jpg\",\"datePublished\":\"2023-11-29T11:36:32+00:00\",\"dateModified\":\"2023-12-27T12:49:51+00:00\",\"description\":\"Privacy policy\",\"breadcrumb\":{\"@id\":\"https:\\\/\\\/archestudio.es\\\/en\\\/privacy-policy\\\/#breadcrumb\"},\"inLanguage\":\"en-US\",\"potentialAction\":[{\"@type\":\"ReadAction\",\"target\":[\"https:\\\/\\\/archestudio.es\\\/en\\\/privacy-policy\\\/\"]}]},{\"@type\":\"ImageObject\",\"inLanguage\":\"en-US\",\"@id\":\"https:\\\/\\\/archestudio.es\\\/en\\\/privacy-policy\\\/#primaryimage\",\"url\":\"https:\\\/\\\/archestudio.es\\\/wp-content\\\/uploads\\\/2023\\\/11\\\/ArchEstudio-rgb.jpg\",\"contentUrl\":\"https:\\\/\\\/archestudio.es\\\/wp-content\\\/uploads\\\/2023\\\/11\\\/ArchEstudio-rgb.jpg\",\"width\":2000,\"height\":2000},{\"@type\":\"BreadcrumbList\",\"@id\":\"https:\\\/\\\/archestudio.es\\\/en\\\/privacy-policy\\\/#breadcrumb\",\"itemListElement\":[{\"@type\":\"ListItem\",\"position\":1,\"name\":\"Portada\",\"item\":\"https:\\\/\\\/archestudio.es\\\/en\\\/\"},{\"@type\":\"ListItem\",\"position\":2,\"name\":\"Privacy policy\"}]},{\"@type\":\"WebSite\",\"@id\":\"https:\\\/\\\/archestudio.es\\\/en\\\/#website\",\"url\":\"https:\\\/\\\/archestudio.es\\\/en\\\/\",\"name\":\"REFORMAS-INTERIORISMO\",\"description\":\"REVALORIZAMOS TU PROPIEDAD\",\"publisher\":{\"@id\":\"https:\\\/\\\/archestudio.es\\\/en\\\/#organization\"},\"potentialAction\":[{\"@type\":\"SearchAction\",\"target\":{\"@type\":\"EntryPoint\",\"urlTemplate\":\"https:\\\/\\\/archestudio.es\\\/en\\\/?s={search_term_string}\"},\"query-input\":{\"@type\":\"PropertyValueSpecification\",\"valueRequired\":true,\"valueName\":\"search_term_string\"}}],\"inLanguage\":\"en-US\"},{\"@type\":\"Organization\",\"@id\":\"https:\\\/\\\/archestudio.es\\\/en\\\/#organization\",\"name\":\"REFORMAS-INTERIORISMO\",\"url\":\"https:\\\/\\\/archestudio.es\\\/en\\\/\",\"logo\":{\"@type\":\"ImageObject\",\"inLanguage\":\"en-US\",\"@id\":\"https:\\\/\\\/archestudio.es\\\/en\\\/#\\\/schema\\\/logo\\\/image\\\/\",\"url\":\"https:\\\/\\\/archestudio.es\\\/wp-content\\\/uploads\\\/2023\\\/11\\\/ArchEstudio-rgb.jpg\",\"contentUrl\":\"https:\\\/\\\/archestudio.es\\\/wp-content\\\/uploads\\\/2023\\\/11\\\/ArchEstudio-rgb.jpg\",\"width\":2000,\"height\":2000,\"caption\":\"REFORMAS-INTERIORISMO\"},\"image\":{\"@id\":\"https:\\\/\\\/archestudio.es\\\/en\\\/#\\\/schema\\\/logo\\\/image\\\/\"}}]}<\/script>\n<!-- \/ Yoast SEO plugin. -->","yoast_head_json":{"title":"Privacy policy - REFORMAS-INTERIORISMO","description":"Privacy policy","robots":{"index":"index","follow":"follow","max-snippet":"max-snippet:-1","max-image-preview":"max-image-preview:large","max-video-preview":"max-video-preview:-1"},"canonical":"https:\/\/archestudio.es\/en\/privacy-policy\/","og_locale":"en_US","og_type":"article","og_title":"Privacy policy - REFORMAS-INTERIORISMO","og_description":"Privacy policy","og_url":"https:\/\/archestudio.es\/en\/privacy-policy\/","og_site_name":"REFORMAS-INTERIORISMO","article_modified_time":"2023-12-27T12:49:51+00:00","og_image":[{"width":2000,"height":2000,"url":"https:\/\/archestudio.es\/wp-content\/uploads\/2023\/11\/ArchEstudio-rgb.jpg","type":"image\/jpeg"}],"twitter_card":"summary_large_image","twitter_misc":{"Est. reading time":"4 minutes"},"schema":{"@context":"https:\/\/schema.org","@graph":[{"@type":"WebPage","@id":"https:\/\/archestudio.es\/en\/privacy-policy\/","url":"https:\/\/archestudio.es\/en\/privacy-policy\/","name":"Privacy policy - REFORMAS-INTERIORISMO","isPartOf":{"@id":"https:\/\/archestudio.es\/en\/#website"},"primaryImageOfPage":{"@id":"https:\/\/archestudio.es\/en\/privacy-policy\/#primaryimage"},"image":{"@id":"https:\/\/archestudio.es\/en\/privacy-policy\/#primaryimage"},"thumbnailUrl":"https:\/\/archestudio.es\/wp-content\/uploads\/2023\/11\/ArchEstudio-rgb.jpg","datePublished":"2023-11-29T11:36:32+00:00","dateModified":"2023-12-27T12:49:51+00:00","description":"Privacy policy","breadcrumb":{"@id":"https:\/\/archestudio.es\/en\/privacy-policy\/#breadcrumb"},"inLanguage":"en-US","potentialAction":[{"@type":"ReadAction","target":["https:\/\/archestudio.es\/en\/privacy-policy\/"]}]},{"@type":"ImageObject","inLanguage":"en-US","@id":"https:\/\/archestudio.es\/en\/privacy-policy\/#primaryimage","url":"https:\/\/archestudio.es\/wp-content\/uploads\/2023\/11\/ArchEstudio-rgb.jpg","contentUrl":"https:\/\/archestudio.es\/wp-content\/uploads\/2023\/11\/ArchEstudio-rgb.jpg","width":2000,"height":2000},{"@type":"BreadcrumbList","@id":"https:\/\/archestudio.es\/en\/privacy-policy\/#breadcrumb","itemListElement":[{"@type":"ListItem","position":1,"name":"Portada","item":"https:\/\/archestudio.es\/en\/"},{"@type":"ListItem","position":2,"name":"Privacy policy"}]},{"@type":"WebSite","@id":"https:\/\/archestudio.es\/en\/#website","url":"https:\/\/archestudio.es\/en\/","name":"REFORMAS-INTERIORISMO","description":"REVALORIZAMOS TU PROPIEDAD","publisher":{"@id":"https:\/\/archestudio.es\/en\/#organization"},"potentialAction":[{"@type":"SearchAction","target":{"@type":"EntryPoint","urlTemplate":"https:\/\/archestudio.es\/en\/?s={search_term_string}"},"query-input":{"@type":"PropertyValueSpecification","valueRequired":true,"valueName":"search_term_string"}}],"inLanguage":"en-US"},{"@type":"Organization","@id":"https:\/\/archestudio.es\/en\/#organization","name":"REFORMAS-INTERIORISMO","url":"https:\/\/archestudio.es\/en\/","logo":{"@type":"ImageObject","inLanguage":"en-US","@id":"https:\/\/archestudio.es\/en\/#\/schema\/logo\/image\/","url":"https:\/\/archestudio.es\/wp-content\/uploads\/2023\/11\/ArchEstudio-rgb.jpg","contentUrl":"https:\/\/archestudio.es\/wp-content\/uploads\/2023\/11\/ArchEstudio-rgb.jpg","width":2000,"height":2000,"caption":"REFORMAS-INTERIORISMO"},"image":{"@id":"https:\/\/archestudio.es\/en\/#\/schema\/logo\/image\/"}}]}},"_links":{"self":[{"href":"https:\/\/archestudio.es\/en\/wp-json\/wp\/v2\/pages\/1419","targetHints":{"allow":["GET"]}}],"collection":[{"href":"https:\/\/archestudio.es\/en\/wp-json\/wp\/v2\/pages"}],"about":[{"href":"https:\/\/archestudio.es\/en\/wp-json\/wp\/v2\/types\/page"}],"author":[{"embeddable":true,"href":"https:\/\/archestudio.es\/en\/wp-json\/wp\/v2\/users\/1"}],"replies":[{"embeddable":true,"href":"https:\/\/archestudio.es\/en\/wp-json\/wp\/v2\/comments?post=1419"}],"version-history":[{"count":7,"href":"https:\/\/archestudio.es\/en\/wp-json\/wp\/v2\/pages\/1419\/revisions"}],"predecessor-version":[{"id":1459,"href":"https:\/\/archestudio.es\/en\/wp-json\/wp\/v2\/pages\/1419\/revisions\/1459"}],"wp:featuredmedia":[{"embeddable":true,"href":"https:\/\/archestudio.es\/en\/wp-json\/wp\/v2\/media\/1379"}],"wp:attachment":[{"href":"https:\/\/archestudio.es\/en\/wp-json\/wp\/v2\/media?parent=1419"}],"curies":[{"name":"wp","href":"https:\/\/api.w.org\/{rel}","templated":true}]}}